{"id":89015,"date":"2022-07-09T05:54:11","date_gmt":"2022-07-09T05:54:11","guid":{"rendered":"https:\/\/tothetheme.com\/erlinews\/?page_id=3"},"modified":"2022-07-09T05:54:11","modified_gmt":"2022-07-09T05:54:11","slug":"privacy-policy-2","status":"publish","type":"page","link":"https:\/\/vipschool.fr\/blog\/privacy-policy-2\/","title":{"rendered":"Privacy Policy"},"content":{"rendered":"\t\t<div data-elementor-type=\"wp-page\" data-elementor-id=\"89015\" class=\"elementor elementor-89015\">\n\t\t\t\t\t\t<section class=\"has_ma_el_bg_slider elementor-section elementor-top-section elementor-element elementor-element-335128d elementor-section-boxed elementor-section-height-default elementor-section-height-default jltma-glass-effect-no wpr-particle-no wpr-jarallax-no wpr-parallax-no wpr-sticky-section-no\" data-id=\"335128d\" data-element_type=\"section\" data-settings=\"{&quot;background_background&quot;:&quot;classic&quot;,&quot;_ha_eqh_enable&quot;:false}\">\n\t\t\t\t\t\t<div class=\"elementor-container elementor-column-gap-default\">\n\t\t\t\t\t<div class=\"has_ma_el_bg_slider elementor-column elementor-col-100 elementor-top-column elementor-element elementor-element-29415a26 jltma-glass-effect-no\" data-id=\"29415a26\" data-element_type=\"column\">\n\t\t\t<div class=\"elementor-widget-wrap elementor-element-populated\">\n\t\t\t\t\t\t<section class=\"has_ma_el_bg_slider elementor-section elementor-inner-section elementor-element elementor-element-fe6cbae elementor-section-boxed elementor-section-height-default elementor-section-height-default jltma-glass-effect-no wpr-particle-no wpr-jarallax-no wpr-parallax-no wpr-sticky-section-no\" data-id=\"fe6cbae\" data-element_type=\"section\" data-settings=\"{&quot;_ha_eqh_enable&quot;:false}\">\n\t\t\t\t\t\t<div class=\"elementor-container elementor-column-gap-default\">\n\t\t\t\t\t<div class=\"has_ma_el_bg_slider elementor-column elementor-col-100 elementor-inner-column elementor-element elementor-element-5d8fe428 jltma-glass-effect-no\" data-id=\"5d8fe428\" data-element_type=\"column\">\n\t\t\t<div class=\"elementor-widget-wrap\">\n\t\t\t\t\t\t\t<\/div>\n\t\t<\/div>\n\t\t\t\t\t<\/div>\n\t\t<\/section>\n\t\t\t\t\t<\/div>\n\t\t<\/div>\n\t\t\t\t\t<\/div>\n\t\t<\/section>\n\t\t\t\t<section class=\"has_ma_el_bg_slider elementor-section elementor-top-section elementor-element elementor-element-5de70295 elementor-section-boxed elementor-section-height-default elementor-section-height-default jltma-glass-effect-no wpr-particle-no wpr-jarallax-no wpr-parallax-no wpr-sticky-section-no\" data-id=\"5de70295\" data-element_type=\"section\" data-settings=\"{&quot;background_background&quot;:&quot;classic&quot;,&quot;_ha_eqh_enable&quot;:false}\">\n\t\t\t\t\t\t<div class=\"elementor-container elementor-column-gap-default\">\n\t\t\t\t\t<div class=\"has_ma_el_bg_slider elementor-column elementor-col-100 elementor-top-column elementor-element elementor-element-5a2646eb jltma-glass-effect-no\" data-id=\"5a2646eb\" data-element_type=\"column\">\n\t\t\t<div class=\"elementor-widget-wrap elementor-element-populated\">\n\t\t\t\t\t\t<section class=\"has_ma_el_bg_slider elementor-section elementor-inner-section elementor-element elementor-element-4b869ab6 elementor-section-boxed elementor-section-height-default elementor-section-height-default jltma-glass-effect-no wpr-particle-no wpr-jarallax-no wpr-parallax-no wpr-sticky-section-no\" data-id=\"4b869ab6\" data-element_type=\"section\" data-settings=\"{&quot;background_background&quot;:&quot;classic&quot;,&quot;_ha_eqh_enable&quot;:false}\">\n\t\t\t\t\t\t<div class=\"elementor-container elementor-column-gap-default\">\n\t\t\t\t\t<div class=\"has_ma_el_bg_slider elementor-column elementor-col-33 elementor-inner-column elementor-element elementor-element-2693c7a0 jltma-glass-effect-no\" data-id=\"2693c7a0\" data-element_type=\"column\" data-settings=\"{&quot;background_background&quot;:&quot;classic&quot;}\">\n\t\t\t<div class=\"elementor-widget-wrap elementor-element-populated\">\n\t\t\t\t\t\t<div class=\"elementor-element elementor-element-3dd46fc7 jltma-glass-effect-no elementor-widget elementor-widget-text-editor\" data-id=\"3dd46fc7\" data-element_type=\"widget\" data-widget_type=\"text-editor.default\">\n\t\t\t\t<div class=\"elementor-widget-container\">\n\t\t\t<style>\/*! elementor - v3.20.0 - 10-04-2024 *\/\n.elementor-widget-text-editor.elementor-drop-cap-view-stacked .elementor-drop-cap{background-color:#69727d;color:#fff}.elementor-widget-text-editor.elementor-drop-cap-view-framed .elementor-drop-cap{color:#69727d;border:3px solid;background-color:transparent}.elementor-widget-text-editor:not(.elementor-drop-cap-view-default) .elementor-drop-cap{margin-top:8px}.elementor-widget-text-editor:not(.elementor-drop-cap-view-default) .elementor-drop-cap-letter{width:1em;height:1em}.elementor-widget-text-editor .elementor-drop-cap{float:left;text-align:center;line-height:1;font-size:50px}.elementor-widget-text-editor .elementor-drop-cap-letter{display:inline-block}<\/style>\t\t\t\t<h4 style=\"text-align: center;\">COOKIES<\/h4>\t\t\t\t\t\t<\/div>\n\t\t\t\t<\/div>\n\t\t\t\t\t<\/div>\n\t\t<\/div>\n\t\t\t\t<div class=\"has_ma_el_bg_slider elementor-column elementor-col-33 elementor-inner-column elementor-element elementor-element-63faf581 jltma-glass-effect-no\" data-id=\"63faf581\" data-element_type=\"column\" data-settings=\"{&quot;background_background&quot;:&quot;classic&quot;}\">\n\t\t\t<div class=\"elementor-widget-wrap elementor-element-populated\">\n\t\t\t\t\t\t<div class=\"elementor-element elementor-element-34a24520 jltma-glass-effect-no elementor-widget elementor-widget-text-editor\" data-id=\"34a24520\" data-element_type=\"widget\" data-widget_type=\"text-editor.default\">\n\t\t\t\t<div class=\"elementor-widget-container\">\n\t\t\t\t\t\t\t<h4 style=\"text-align: center;\">PRIVACY<\/h4>\t\t\t\t\t\t<\/div>\n\t\t\t\t<\/div>\n\t\t\t\t\t<\/div>\n\t\t<\/div>\n\t\t\t\t<div class=\"has_ma_el_bg_slider elementor-column elementor-col-33 elementor-inner-column elementor-element elementor-element-18be19e7 jltma-glass-effect-no\" data-id=\"18be19e7\" data-element_type=\"column\" data-settings=\"{&quot;background_background&quot;:&quot;classic&quot;}\">\n\t\t\t<div class=\"elementor-widget-wrap elementor-element-populated\">\n\t\t\t\t\t\t<div class=\"elementor-element elementor-element-6264a3dd jltma-glass-effect-no elementor-widget elementor-widget-text-editor\" data-id=\"6264a3dd\" data-element_type=\"widget\" data-widget_type=\"text-editor.default\">\n\t\t\t\t<div class=\"elementor-widget-container\">\n\t\t\t\t\t\t\t<h4 style=\"text-align: center;\">LICENSE<\/h4>\t\t\t\t\t\t<\/div>\n\t\t\t\t<\/div>\n\t\t\t\t\t<\/div>\n\t\t<\/div>\n\t\t\t\t\t<\/div>\n\t\t<\/section>\n\t\t\t\t\t<\/div>\n\t\t<\/div>\n\t\t\t\t\t<\/div>\n\t\t<\/section>\n\t\t\t\t<section class=\"has_ma_el_bg_slider elementor-section elementor-top-section elementor-element elementor-element-584d2630 elementor-section-boxed elementor-section-height-default elementor-section-height-default jltma-glass-effect-no wpr-particle-no wpr-jarallax-no wpr-parallax-no wpr-sticky-section-no\" data-id=\"584d2630\" data-element_type=\"section\" data-settings=\"{&quot;background_background&quot;:&quot;classic&quot;,&quot;_ha_eqh_enable&quot;:false}\">\n\t\t\t\t\t\t<div class=\"elementor-container elementor-column-gap-default\">\n\t\t\t\t\t<div class=\"has_ma_el_bg_slider elementor-column elementor-col-50 elementor-top-column elementor-element elementor-element-7f930413 jltma-glass-effect-no\" data-id=\"7f930413\" data-element_type=\"column\">\n\t\t\t<div class=\"elementor-widget-wrap elementor-element-populated\">\n\t\t\t\t\t\t<div class=\"elementor-element elementor-element-1c3664b6 jltma-glass-effect-no elementor-widget elementor-widget-text-editor\" data-id=\"1c3664b6\" data-element_type=\"widget\" data-widget_type=\"text-editor.default\">\n\t\t\t\t<div class=\"elementor-widget-container\">\n\t\t\t\t\t\t\t<!-- wp:heading -->\n<h2>Who we are<\/h2>\n<!-- \/wp:heading --><!-- wp:paragraph -->\n<p>\u00a0<\/p>\n<p><strong class=\"privacy-policy-tutorial\">Suggested text: <\/strong>Our website address is: https:\/\/tothetheme.com\/erlinews.<\/p>\n<!-- \/wp:paragraph --><!-- wp:heading -->\n<p>\u00a0<\/p>\n<!-- \/wp:paragraph -->\t\t\t\t\t\t<\/div>\n\t\t\t\t<\/div>\n\t\t\t\t<div class=\"elementor-element elementor-element-161de71a jltma-glass-effect-no elementor-widget elementor-widget-text-editor\" data-id=\"161de71a\" data-element_type=\"widget\" data-widget_type=\"text-editor.default\">\n\t\t\t\t<div class=\"elementor-widget-container\">\n\t\t\t\t\t\t\t<!-- wp:heading --><!-- \/wp:paragraph --><!-- wp:heading -->\n<h2>Comments<\/h2>\n<!-- \/wp:heading --><!-- wp:paragraph -->\n<p>\u00a0<\/p>\n<p><strong class=\"privacy-policy-tutorial\">Suggested text: <\/strong>When visitors leave comments on the site we collect the data shown in the comments form, and also the visitor\u2019s IP address and browser user agent string to help spam detection.<\/p>\n<!-- \/wp:paragraph --><!-- wp:paragraph -->\n<p>An anonymized string created from your email address (also called a hash) may be provided to the Gravatar service to see if you are using it. The Gravatar service privacy policy is available here: https:\/\/automattic.com\/privacy\/. After approval of your comment, your profile picture is visible to the public in the context of your comment.<\/p>\n<!-- \/wp:paragraph --><!-- wp:heading -->\n<p>\u00a0<\/p>\n<!-- \/wp:paragraph -->\t\t\t\t\t\t<\/div>\n\t\t\t\t<\/div>\n\t\t\t\t<div class=\"elementor-element elementor-element-5af16c71 jltma-glass-effect-no elementor-widget elementor-widget-text-editor\" data-id=\"5af16c71\" data-element_type=\"widget\" data-widget_type=\"text-editor.default\">\n\t\t\t\t<div class=\"elementor-widget-container\">\n\t\t\t\t\t\t\t<!-- wp:heading --><!-- \/wp:paragraph --><!-- wp:heading -->\n<h2>Media<\/h2>\n<!-- \/wp:heading --><!-- wp:paragraph -->\n<p>\u00a0<\/p>\n<p><strong class=\"privacy-policy-tutorial\">Suggested text: <\/strong>If you upload images to the website, you should avoid uploading images with embedded location data (EXIF GPS) included. Visitors to the website can download and extract any location data from images on the website.<\/p>\n<p>\u00a0<\/p>\n<!-- \/wp:paragraph -->\t\t\t\t\t\t<\/div>\n\t\t\t\t<\/div>\n\t\t\t\t<div class=\"elementor-element elementor-element-829cfdb jltma-glass-effect-no elementor-widget elementor-widget-text-editor\" data-id=\"829cfdb\" data-element_type=\"widget\" data-widget_type=\"text-editor.default\">\n\t\t\t\t<div class=\"elementor-widget-container\">\n\t\t\t\t\t\t\t<!-- wp:heading --><!-- \/wp:heading --><!-- wp:paragraph --><!-- \/wp:paragraph --><!-- wp:heading -->\n<h2>Cookies<\/h2>\n<!-- \/wp:heading --><!-- wp:paragraph -->\n<p>\u00a0<\/p>\n<p><strong class=\"privacy-policy-tutorial\">Suggested text: <\/strong>If you leave a comment on our site you may opt-in to saving your name, email address and website in cookies. These are for your convenience so that you do not have to fill in your details again when you leave another comment. These cookies will last for one year.<\/p>\n<!-- \/wp:paragraph --><!-- wp:paragraph -->\n<p>If you visit our login page, we will set a temporary cookie to determine if your browser accepts cookies. This cookie contains no personal data and is discarded when you close your browser.<\/p>\n<!-- \/wp:paragraph --><!-- wp:paragraph -->\n<p>When you log in, we will also set up several cookies to save your login information and your screen display choices. Login cookies last for two days, and screen options cookies last for a year. If you select &#8220;Remember Me&#8221;, your login will persist for two weeks. If you log out of your account, the login cookies will be removed.<\/p>\n<!-- \/wp:paragraph --><!-- wp:paragraph -->\n<p>If you edit or publish an article, an additional cookie will be saved in your browser. This cookie includes no personal data and simply indicates the post ID of the article you just edited. It expires after 1 day.<\/p>\n<!-- \/wp:paragraph --><!-- wp:heading --><!-- \/wp:paragraph -->\t\t\t\t\t\t<\/div>\n\t\t\t\t<\/div>\n\t\t\t\t\t<\/div>\n\t\t<\/div>\n\t\t\t\t<div class=\"has_ma_el_bg_slider elementor-column elementor-col-50 elementor-top-column elementor-element elementor-element-161fc666 jltma-glass-effect-no\" data-id=\"161fc666\" data-element_type=\"column\">\n\t\t\t<div class=\"elementor-widget-wrap elementor-element-populated\">\n\t\t\t\t\t\t<div class=\"elementor-element elementor-element-5bf814e2 jltma-glass-effect-no elementor-widget elementor-widget-text-editor\" data-id=\"5bf814e2\" data-element_type=\"widget\" data-widget_type=\"text-editor.default\">\n\t\t\t\t<div class=\"elementor-widget-container\">\n\t\t\t\t\t\t\t<!-- wp:heading --><!-- \/wp:paragraph --><!-- wp:heading -->\n<h2>Embedded content from other websites<\/h2>\n<!-- \/wp:heading --><!-- wp:paragraph -->\n<p>\u00a0<\/p>\n<p><strong class=\"privacy-policy-tutorial\">Suggested text: <\/strong>Articles on this site may include embedded content (e.g. videos, images, articles, etc.). Embedded content from other websites behaves in the exact same way as if the visitor has visited the other website.<\/p>\n<!-- \/wp:paragraph --><!-- wp:paragraph -->\n<p>These websites may collect data about you, use cookies, embed additional third-party tracking, and monitor your interaction with that embedded content, including tracking your interaction with the embedded content if you have an account and are logged in to that website.<\/p>\n<!-- \/wp:paragraph --><!-- wp:heading -->\n<p>\u00a0<\/p>\n<!-- \/wp:paragraph -->\t\t\t\t\t\t<\/div>\n\t\t\t\t<\/div>\n\t\t\t\t<div class=\"elementor-element elementor-element-58fbd7a9 jltma-glass-effect-no elementor-widget elementor-widget-text-editor\" data-id=\"58fbd7a9\" data-element_type=\"widget\" data-widget_type=\"text-editor.default\">\n\t\t\t\t<div class=\"elementor-widget-container\">\n\t\t\t\t\t\t\t<!-- wp:heading --><!-- \/wp:paragraph --><!-- wp:heading --><!-- \/wp:paragraph --><!-- wp:heading -->\n<h2>Who we share your data with<\/h2>\n<!-- \/wp:heading --><!-- wp:paragraph -->\n<p>\u00a0<\/p>\n<p><strong class=\"privacy-policy-tutorial\">Suggested text: <\/strong>If you request a password reset, your IP address will be included in the reset email.<\/p>\n<!-- \/wp:paragraph --><!-- wp:heading -->\n<p>\u00a0<\/p>\n<!-- \/wp:paragraph -->\t\t\t\t\t\t<\/div>\n\t\t\t\t<\/div>\n\t\t\t\t<div class=\"elementor-element elementor-element-767eef3b jltma-glass-effect-no elementor-widget elementor-widget-text-editor\" data-id=\"767eef3b\" data-element_type=\"widget\" data-widget_type=\"text-editor.default\">\n\t\t\t\t<div class=\"elementor-widget-container\">\n\t\t\t\t\t\t\t<!-- wp:heading --><!-- \/wp:paragraph --><!-- wp:heading --><!-- \/wp:paragraph --><!-- wp:heading -->\n<h2>How long we retain your data<\/h2>\n<!-- \/wp:heading --><!-- wp:paragraph -->\n<p>\u00a0<\/p>\n<p><strong class=\"privacy-policy-tutorial\">Suggested text: <\/strong>If you leave a comment, the comment and its metadata are retained indefinitely. This is so we can recognize and approve any follow-up comments automatically instead of holding them in a moderation queue.<\/p>\n<!-- \/wp:paragraph --><!-- wp:paragraph -->\n<p>For users that register on our website (if any), we also store the personal information they provide in their user profile. All users can see, edit, or delete their personal information at any time (except they cannot change their username). Website administrators can also see and edit that information.<\/p>\n<!-- \/wp:paragraph --><!-- wp:heading -->\n<p>\u00a0<\/p>\n<!-- \/wp:paragraph -->\t\t\t\t\t\t<\/div>\n\t\t\t\t<\/div>\n\t\t\t\t<div class=\"elementor-element elementor-element-36d9773c jltma-glass-effect-no elementor-widget elementor-widget-text-editor\" data-id=\"36d9773c\" data-element_type=\"widget\" data-widget_type=\"text-editor.default\">\n\t\t\t\t<div class=\"elementor-widget-container\">\n\t\t\t\t\t\t\t<!-- wp:heading --><!-- \/wp:paragraph --><!-- wp:heading --><!-- \/wp:paragraph --><!-- wp:heading -->\n<h2>What rights you have over your data<\/h2>\n<!-- \/wp:heading --><!-- wp:paragraph -->\n<p>\u00a0<\/p>\n<p><strong class=\"privacy-policy-tutorial\">Suggested text: <\/strong>If you have an account on this site, or have left comments, you can request to receive an exported file of the personal data we hold about you, including any data you have provided to us. You can also request that we erase any personal data we hold about you. This does not include any data we are obliged to keep for administrative, legal, or security purposes.<\/p>\n<p>\u00a0<\/p>\n<!-- \/wp:paragraph --><!-- wp:heading --><!-- \/wp:paragraph -->\t\t\t\t\t\t<\/div>\n\t\t\t\t<\/div>\n\t\t\t\t<div class=\"elementor-element elementor-element-51ea7a32 jltma-glass-effect-no elementor-widget elementor-widget-text-editor\" data-id=\"51ea7a32\" data-element_type=\"widget\" data-widget_type=\"text-editor.default\">\n\t\t\t\t<div class=\"elementor-widget-container\">\n\t\t\t\t\t\t\t<!-- wp:heading --><!-- \/wp:paragraph --><!-- wp:heading --><!-- \/wp:paragraph --><!-- wp:heading -->\n<h2>Where your data is sent<\/h2>\n<!-- \/wp:heading --><!-- wp:paragraph -->\n<p>\u00a0<\/p>\n<p><strong class=\"privacy-policy-tutorial\">Suggested text: <\/strong>Visitor comments may be checked through an automated spam detection service.<\/p>\n<!-- \/wp:paragraph -->\t\t\t\t\t\t<\/div>\n\t\t\t\t<\/div>\n\t\t\t\t\t<\/div>\n\t\t<\/div>\n\t\t\t\t\t<\/div>\n\t\t<\/section>\n\t\t\t\t<\/div>\n\t\t","protected":false},"excerpt":{"rendered":"<p>Privacy Policy WHAT WE DO &#038; WHAT WE DON&#8217;T COOKIES PRIVACY LICENSE Who we are \u00a0 Suggested text: Our website address is: https:\/\/tothetheme.com\/erlinews. \u00a0 Comments \u00a0 Suggested text: When visitors leave comments on the site we collect the data shown in the comments form, and also the visitor\u2019s IP address and browser user agent string [&hellip;]<\/p>\n","protected":false},"author":1,"featured_media":0,"parent":0,"menu_order":0,"comment_status":"closed","ping_status":"closed","template":"custom-frontpage-notop.php","meta":{"footnotes":""},"yoast_head":"<!-- This site is optimized with the Yoast SEO plugin v23.5 - https:\/\/yoast.com\/wordpress\/plugins\/seo\/ -->\n<title>Privacy Policy - Etudiants en Alternance : Derni\u00e8res actus &amp; tendances<\/title>\n<meta name=\"robots\" content=\"index, follow, max-snippet:-1, max-image-preview:large, max-video-preview:-1\" \/>\n<link rel=\"canonical\" href=\"https:\/\/vipschool.fr\/blog\/privacy-policy-2\/\" \/>\n<meta property=\"og:locale\" content=\"fr_FR\" \/>\n<meta property=\"og:type\" content=\"article\" \/>\n<meta property=\"og:title\" content=\"Privacy Policy - Etudiants en Alternance : Derni\u00e8res actus &amp; tendances\" \/>\n<meta property=\"og:description\" content=\"Privacy Policy WHAT WE DO &#038; WHAT WE DON&#8217;T COOKIES PRIVACY LICENSE Who we are \u00a0 Suggested text: Our website address is: https:\/\/tothetheme.com\/erlinews. \u00a0 Comments \u00a0 Suggested text: When visitors leave comments on the site we collect the data shown in the comments form, and also the visitor\u2019s IP address and browser user agent string [&hellip;]\" \/>\n<meta property=\"og:url\" content=\"https:\/\/vipschool.fr\/blog\/privacy-policy-2\/\" \/>\n<meta property=\"og:site_name\" content=\"Etudiants en Alternance : Derni\u00e8res actus &amp; tendances\" \/>\n<meta name=\"twitter:card\" content=\"summary_large_image\" \/>\n<meta name=\"twitter:label1\" content=\"Dur\u00e9e de lecture estim\u00e9e\" \/>\n\t<meta name=\"twitter:data1\" content=\"3 minutes\" \/>\n<script type=\"application\/ld+json\" class=\"yoast-schema-graph\">{\"@context\":\"https:\/\/schema.org\",\"@graph\":[{\"@type\":\"WebPage\",\"@id\":\"https:\/\/vipschool.fr\/blog\/privacy-policy-2\/\",\"url\":\"https:\/\/vipschool.fr\/blog\/privacy-policy-2\/\",\"name\":\"Privacy Policy - Etudiants en Alternance : Derni\u00e8res actus & tendances\",\"isPartOf\":{\"@id\":\"https:\/\/vipschool.fr\/blog\/#website\"},\"datePublished\":\"2022-07-09T05:54:11+00:00\",\"dateModified\":\"2022-07-09T05:54:11+00:00\",\"breadcrumb\":{\"@id\":\"https:\/\/vipschool.fr\/blog\/privacy-policy-2\/#breadcrumb\"},\"inLanguage\":\"fr-FR\",\"potentialAction\":[{\"@type\":\"ReadAction\",\"target\":[\"https:\/\/vipschool.fr\/blog\/privacy-policy-2\/\"]}]},{\"@type\":\"BreadcrumbList\",\"@id\":\"https:\/\/vipschool.fr\/blog\/privacy-policy-2\/#breadcrumb\",\"itemListElement\":[{\"@type\":\"ListItem\",\"position\":1,\"name\":\"Home\",\"item\":\"https:\/\/vipschool.fr\/blog\/\"},{\"@type\":\"ListItem\",\"position\":2,\"name\":\"Privacy Policy\"}]},{\"@type\":\"WebSite\",\"@id\":\"https:\/\/vipschool.fr\/blog\/#website\",\"url\":\"https:\/\/vipschool.fr\/blog\/\",\"name\":\"Etudiants en Alternance : Derni\u00e8res actus & tendances\",\"description\":\"\u00c9chos d'Alternance : Les Nouvelles de Demain, Aujourd'hui.\",\"publisher\":{\"@id\":\"https:\/\/vipschool.fr\/blog\/#organization\"},\"potentialAction\":[{\"@type\":\"SearchAction\",\"target\":{\"@type\":\"EntryPoint\",\"urlTemplate\":\"https:\/\/vipschool.fr\/blog\/?s={search_term_string}\"},\"query-input\":{\"@type\":\"PropertyValueSpecification\",\"valueRequired\":true,\"valueName\":\"search_term_string\"}}],\"inLanguage\":\"fr-FR\"},{\"@type\":\"Organization\",\"@id\":\"https:\/\/vipschool.fr\/blog\/#organization\",\"name\":\"Etudiants en Alternance : Derni\u00e8res actus & tendances\",\"url\":\"https:\/\/vipschool.fr\/blog\/\",\"logo\":{\"@type\":\"ImageObject\",\"inLanguage\":\"fr-FR\",\"@id\":\"https:\/\/vipschool.fr\/blog\/#\/schema\/logo\/image\/\",\"url\":\"https:\/\/vipschool.fr\/blog\/wp-content\/uploads\/2022\/11\/L-1-1.jpg\",\"contentUrl\":\"https:\/\/vipschool.fr\/blog\/wp-content\/uploads\/2022\/11\/L-1-1.jpg\",\"width\":333,\"height\":333,\"caption\":\"Etudiants en Alternance : Derni\u00e8res actus & tendances\"},\"image\":{\"@id\":\"https:\/\/vipschool.fr\/blog\/#\/schema\/logo\/image\/\"}}]}<\/script>\n<!-- \/ Yoast SEO plugin. -->","yoast_head_json":{"title":"Privacy Policy - Etudiants en Alternance : Derni\u00e8res actus & tendances","robots":{"index":"index","follow":"follow","max-snippet":"max-snippet:-1","max-image-preview":"max-image-preview:large","max-video-preview":"max-video-preview:-1"},"canonical":"https:\/\/vipschool.fr\/blog\/privacy-policy-2\/","og_locale":"fr_FR","og_type":"article","og_title":"Privacy Policy - Etudiants en Alternance : Derni\u00e8res actus & tendances","og_description":"Privacy Policy WHAT WE DO &#038; WHAT WE DON&#8217;T COOKIES PRIVACY LICENSE Who we are \u00a0 Suggested text: Our website address is: https:\/\/tothetheme.com\/erlinews. \u00a0 Comments \u00a0 Suggested text: When visitors leave comments on the site we collect the data shown in the comments form, and also the visitor\u2019s IP address and browser user agent string [&hellip;]","og_url":"https:\/\/vipschool.fr\/blog\/privacy-policy-2\/","og_site_name":"Etudiants en Alternance : Derni\u00e8res actus & tendances","twitter_card":"summary_large_image","twitter_misc":{"Dur\u00e9e de lecture estim\u00e9e":"3 minutes"},"schema":{"@context":"https:\/\/schema.org","@graph":[{"@type":"WebPage","@id":"https:\/\/vipschool.fr\/blog\/privacy-policy-2\/","url":"https:\/\/vipschool.fr\/blog\/privacy-policy-2\/","name":"Privacy Policy - Etudiants en Alternance : Derni\u00e8res actus & tendances","isPartOf":{"@id":"https:\/\/vipschool.fr\/blog\/#website"},"datePublished":"2022-07-09T05:54:11+00:00","dateModified":"2022-07-09T05:54:11+00:00","breadcrumb":{"@id":"https:\/\/vipschool.fr\/blog\/privacy-policy-2\/#breadcrumb"},"inLanguage":"fr-FR","potentialAction":[{"@type":"ReadAction","target":["https:\/\/vipschool.fr\/blog\/privacy-policy-2\/"]}]},{"@type":"BreadcrumbList","@id":"https:\/\/vipschool.fr\/blog\/privacy-policy-2\/#breadcrumb","itemListElement":[{"@type":"ListItem","position":1,"name":"Home","item":"https:\/\/vipschool.fr\/blog\/"},{"@type":"ListItem","position":2,"name":"Privacy Policy"}]},{"@type":"WebSite","@id":"https:\/\/vipschool.fr\/blog\/#website","url":"https:\/\/vipschool.fr\/blog\/","name":"Etudiants en Alternance : Derni\u00e8res actus & tendances","description":"\u00c9chos d'Alternance : Les Nouvelles de Demain, Aujourd'hui.","publisher":{"@id":"https:\/\/vipschool.fr\/blog\/#organization"},"potentialAction":[{"@type":"SearchAction","target":{"@type":"EntryPoint","urlTemplate":"https:\/\/vipschool.fr\/blog\/?s={search_term_string}"},"query-input":{"@type":"PropertyValueSpecification","valueRequired":true,"valueName":"search_term_string"}}],"inLanguage":"fr-FR"},{"@type":"Organization","@id":"https:\/\/vipschool.fr\/blog\/#organization","name":"Etudiants en Alternance : Derni\u00e8res actus & tendances","url":"https:\/\/vipschool.fr\/blog\/","logo":{"@type":"ImageObject","inLanguage":"fr-FR","@id":"https:\/\/vipschool.fr\/blog\/#\/schema\/logo\/image\/","url":"https:\/\/vipschool.fr\/blog\/wp-content\/uploads\/2022\/11\/L-1-1.jpg","contentUrl":"https:\/\/vipschool.fr\/blog\/wp-content\/uploads\/2022\/11\/L-1-1.jpg","width":333,"height":333,"caption":"Etudiants en Alternance : Derni\u00e8res actus & tendances"},"image":{"@id":"https:\/\/vipschool.fr\/blog\/#\/schema\/logo\/image\/"}}]}},"_links":{"self":[{"href":"https:\/\/vipschool.fr\/blog\/wp-json\/wp\/v2\/pages\/89015"}],"collection":[{"href":"https:\/\/vipschool.fr\/blog\/wp-json\/wp\/v2\/pages"}],"about":[{"href":"https:\/\/vipschool.fr\/blog\/wp-json\/wp\/v2\/types\/page"}],"author":[{"embeddable":true,"href":"https:\/\/vipschool.fr\/blog\/wp-json\/wp\/v2\/users\/1"}],"replies":[{"embeddable":true,"href":"https:\/\/vipschool.fr\/blog\/wp-json\/wp\/v2\/comments?post=89015"}],"version-history":[{"count":0,"href":"https:\/\/vipschool.fr\/blog\/wp-json\/wp\/v2\/pages\/89015\/revisions"}],"wp:attachment":[{"href":"https:\/\/vipschool.fr\/blog\/wp-json\/wp\/v2\/media?parent=89015"}],"curies":[{"name":"wp","href":"https:\/\/api.w.org\/{rel}","templated":true}]}}